{"id":8,"date":"2022-03-23T23:37:19","date_gmt":"2022-03-23T23:37:19","guid":{"rendered":"https:\/\/seniorcoachene.no\/?page_id=8"},"modified":"2022-04-24T21:41:39","modified_gmt":"2022-04-24T21:41:39","slug":"om","status":"publish","type":"page","link":"https:\/\/seniorcoachene.no\/?page_id=8","title":{"rendered":"Om"},"content":{"rendered":"\n<div class=\"wp-block-cover alignfull\" style=\"min-height:548px;aspect-ratio:unset;\"><span aria-hidden=\"true\" class=\"has-nv-site-bg-background-color has-background-dim-100 wp-block-cover__gradient-background has-background-dim\"><\/span><div class=\"wp-block-cover__inner-container is-layout-flow wp-block-cover-is-layout-flow\">\n<div class=\"wp-block-group\"><div class=\"wp-block-group__inner-container is-layout-flow wp-block-group-is-layout-flow\">\n<h1 class=\"has-text-align-left has-neve-text-color-color has-text-color has-large-font-size wp-block-heading\">Om oss<\/h1>\n\n\n\n<p class=\"has-neve-link-color-color has-text-color\">Vi er to seniorer, som nylig har pensjonert oss. Vi har omfattende erfaring fra offentlig og privat<br>virksomhet innen ledelse og \u00f8konomi, kompetanseutvikling, veiledning, sikkerhet, helse og<br>arbeidsmilj\u00f8.<\/p>\n\n\n\n<p class=\"has-neve-link-color-color has-text-color\">Da vi var i slutten av yrkeskarrieren, valgte vi \u00e5 utdanne oss innen coaching og gjennomf\u00f8rte en<br>internasjonalt anerkjent coachutdanning. Vi har begge v\u00e5re egne coachingfirma. Gjennom<br>seniorcoachene tilbyr vi coaching til bedrifter og privatpersoner som \u00f8nsker \u00e5 tilrettelegge for en<br>aktiv og positiv seniorfase.<\/p>\n\n\n\n<p class=\"has-neve-link-color-color has-text-color\">Vi er medlem av ICF &#8211; Internasjonal Coaching Federation og f\u00f8lger deres etiske retningslinjer<br><a href=\"https:\/\/coachingfederation.no\">https:\/\/coachingfederation.no<\/a><br>I<a href=\"https:\/\/coachingfederation.org\/ethics\/code-of-ethics\">CF Code of Ethics &#8211; International Coaching Federation<\/a><\/p>\n<\/div><\/div>\n<\/div><\/div>\n\n\n\n<div class=\"wp-block-group\"><div class=\"wp-block-group__inner-container is-layout-flow wp-block-group-is-layout-flow\">\n<div class=\"wp-block-group is-layout-flex wp-block-group-is-layout-flex\">\n<div class=\"wp-block-columns is-layout-flex wp-container-core-columns-is-layout-9d6595d7 wp-block-columns-is-layout-flex\">\n<div class=\"wp-block-column is-vertically-aligned-bottom is-layout-flow wp-block-column-is-layout-flow\">\n<figure class=\"wp-block-image size-large is-style-default\"><img loading=\"lazy\" decoding=\"async\" width=\"804\" height=\"1024\" src=\"https:\/\/seniorcoachene.no\/wp-content\/uploads\/2022\/04\/rikke2-804x1024.jpg\" alt=\"\" class=\"wp-image-186\" srcset=\"https:\/\/seniorcoachene.no\/wp-content\/uploads\/2022\/04\/rikke2-804x1024.jpg 804w, https:\/\/seniorcoachene.no\/wp-content\/uploads\/2022\/04\/rikke2-235x300.jpg 235w, https:\/\/seniorcoachene.no\/wp-content\/uploads\/2022\/04\/rikke2-768x979.jpg 768w, https:\/\/seniorcoachene.no\/wp-content\/uploads\/2022\/04\/rikke2-1206x1536.jpg 1206w, https:\/\/seniorcoachene.no\/wp-content\/uploads\/2022\/04\/rikke2.jpg 1397w\" sizes=\"auto, (max-width: 804px) 100vw, 804px\" \/><\/figure>\n\n\n\n<h3 class=\"has-text-align-left has-neve-text-color-color has-text-color wp-block-heading\">Rikke Monrad-Hansen<\/h3>\n\n\n\n<p class=\"has-neve-link-color-color has-text-color\"><strong>Erickson Certified Professional Coach og medlem av ICF<\/strong><\/p>\n\n\n\n<p>Rikke har et langt yrkesaktivt liv i offentlig og privat<br>sektor innen \u00f8konomi, og sikkerhet, helse og<br>arbeidsmilj\u00f8. Hun har utdanning innen \u00f8konomi,<br>administrasjon og ledelse fra NHHK, og coaching fra<br>BI og Erickson Coaching.<br>&nbsp;<\/p>\n\n\n\n<p>Hun driver n\u00e5 <strong>L\u00f8vetann Coaching<\/strong>.<\/p>\n\n\n\n<ul class=\"wp-block-social-links aligncenter has-normal-icon-size is-layout-flex wp-block-social-links-is-layout-flex\"><li class=\"wp-social-link wp-social-link-linkedin  wp-block-social-link\"><a href=\"https:\/\/www.linkedin.com\/in\/rikke-monrad-hansen\" class=\"wp-block-social-link-anchor\"><svg width=\"24\" height=\"24\" viewBox=\"0 0 24 24\" version=\"1.1\" xmlns=\"http:\/\/www.w3.org\/2000\/svg\" aria-hidden=\"true\" focusable=\"false\"><path d=\"M19.7,3H4.3C3.582,3,3,3.582,3,4.3v15.4C3,20.418,3.582,21,4.3,21h15.4c0.718,0,1.3-0.582,1.3-1.3V4.3 C21,3.582,20.418,3,19.7,3z M8.339,18.338H5.667v-8.59h2.672V18.338z M7.004,8.574c-0.857,0-1.549-0.694-1.549-1.548 c0-0.855,0.691-1.548,1.549-1.548c0.854,0,1.547,0.694,1.547,1.548C8.551,7.881,7.858,8.574,7.004,8.574z M18.339,18.338h-2.669 v-4.177c0-0.996-0.017-2.278-1.387-2.278c-1.389,0-1.601,1.086-1.601,2.206v4.249h-2.667v-8.59h2.559v1.174h0.037 c0.356-0.675,1.227-1.387,2.526-1.387c2.703,0,3.203,1.779,3.203,4.092V18.338z\"><\/path><\/svg><span class=\"wp-block-social-link-label screen-reader-text\">LinkedIn<\/span><\/a><\/li><\/ul>\n<\/div>\n\n\n\n<div class=\"wp-block-column is-vertically-aligned-bottom is-layout-flow wp-block-column-is-layout-flow\">\n<figure class=\"wp-block-image size-large is-style-default\"><img loading=\"lazy\" decoding=\"async\" width=\"804\" height=\"1024\" src=\"https:\/\/seniorcoachene.no\/wp-content\/uploads\/2022\/04\/sissel-804x1024.png\" alt=\"\" class=\"wp-image-188\" srcset=\"https:\/\/seniorcoachene.no\/wp-content\/uploads\/2022\/04\/sissel-804x1024.png 804w, https:\/\/seniorcoachene.no\/wp-content\/uploads\/2022\/04\/sissel-235x300.png 235w, https:\/\/seniorcoachene.no\/wp-content\/uploads\/2022\/04\/sissel-768x979.png 768w, https:\/\/seniorcoachene.no\/wp-content\/uploads\/2022\/04\/sissel-1206x1536.png 1206w, https:\/\/seniorcoachene.no\/wp-content\/uploads\/2022\/04\/sissel.png 1397w\" sizes=\"auto, (max-width: 804px) 100vw, 804px\" \/><\/figure>\n\n\n\n<h3 class=\"has-text-align-left has-neve-text-color-color has-text-color wp-block-heading\">Sissel K. Knutsen<\/h3>\n\n\n\n<p class=\"has-neve-link-color-color has-text-color\"><strong>Erickson Certified Professional Coach og ICF-sertifisert coach<br>PCC<\/strong><\/p>\n\n\n\n<p>Sissel har i sitt lange, yrkesaktive liv jobbet med<br>kompetanseutvikling, ledelse, veiledning og coaching i<br>store organisasjoner. Hun er utdannet innen \u00f8konomi,<br>administrasjon, ledelse, pedagogikk og coaching fra NHH,<br>BI og Erickson Coaching. <\/p>\n\n\n\n<p>Hun driver n\u00e5<strong> Knutsen Coaching<\/strong>.<\/p>\n\n\n\n<ul class=\"wp-block-social-links aligncenter is-layout-flex wp-block-social-links-is-layout-flex\"><li class=\"wp-social-link wp-social-link-linkedin  wp-block-social-link\"><a href=\"https:\/\/www.linkedin.com\/in\/sissel-kristin-knutsen-12010b7a\" class=\"wp-block-social-link-anchor\"><svg width=\"24\" height=\"24\" viewBox=\"0 0 24 24\" version=\"1.1\" xmlns=\"http:\/\/www.w3.org\/2000\/svg\" aria-hidden=\"true\" focusable=\"false\"><path d=\"M19.7,3H4.3C3.582,3,3,3.582,3,4.3v15.4C3,20.418,3.582,21,4.3,21h15.4c0.718,0,1.3-0.582,1.3-1.3V4.3 C21,3.582,20.418,3,19.7,3z M8.339,18.338H5.667v-8.59h2.672V18.338z M7.004,8.574c-0.857,0-1.549-0.694-1.549-1.548 c0-0.855,0.691-1.548,1.549-1.548c0.854,0,1.547,0.694,1.547,1.548C8.551,7.881,7.858,8.574,7.004,8.574z M18.339,18.338h-2.669 v-4.177c0-0.996-0.017-2.278-1.387-2.278c-1.389,0-1.601,1.086-1.601,2.206v4.249h-2.667v-8.59h2.559v1.174h0.037 c0.356-0.675,1.227-1.387,2.526-1.387c2.703,0,3.203,1.779,3.203,4.092V18.338z\"><\/path><\/svg><span class=\"wp-block-social-link-label screen-reader-text\">LinkedIn<\/span><\/a><\/li><\/ul>\n<\/div>\n<\/div>\n<\/div>\n<\/div><\/div>\n","protected":false},"excerpt":{"rendered":"<p>Rikke Monrad-Hansen Erickson Certified Professional Coach og medlem av ICF Rikke har et langt yrkesaktivt liv i offentlig og privatsektor innen \u00f8konomi, og sikkerhet, helse ogarbeidsmilj\u00f8. Hun har utdanning innen \u00f8konomi,administrasjon og ledelse fra NHHK, og coaching fraBI og Erickson Coaching.&nbsp; Hun driver n\u00e5 L\u00f8vetann Coaching. Sissel K. Knutsen Erickson Certified Professional Coach og ICF-sertifisert&hellip;&nbsp;<a href=\"https:\/\/seniorcoachene.no\/?page_id=8\" class=\"\" rel=\"bookmark\">Les mer &raquo;<span class=\"screen-reader-text\">Om<\/span><\/a><\/p>\n","protected":false},"author":1,"featured_media":0,"parent":0,"menu_order":0,"comment_status":"closed","ping_status":"closed","template":"","meta":{"neve_meta_sidebar":"","neve_meta_container":"","neve_meta_enable_content_width":"on","neve_meta_content_width":100,"neve_meta_title_alignment":"","neve_meta_author_avatar":"","neve_post_elements_order":"","neve_meta_disable_header":"","neve_meta_disable_footer":"","neve_meta_disable_title":"on","footnotes":""},"class_list":["post-8","page","type-page","status-publish","hentry"],"_links":{"self":[{"href":"https:\/\/seniorcoachene.no\/index.php?rest_route=\/wp\/v2\/pages\/8","targetHints":{"allow":["GET"]}}],"collection":[{"href":"https:\/\/seniorcoachene.no\/index.php?rest_route=\/wp\/v2\/pages"}],"about":[{"href":"https:\/\/seniorcoachene.no\/index.php?rest_route=\/wp\/v2\/types\/page"}],"author":[{"embeddable":true,"href":"https:\/\/seniorcoachene.no\/index.php?rest_route=\/wp\/v2\/users\/1"}],"replies":[{"embeddable":true,"href":"https:\/\/seniorcoachene.no\/index.php?rest_route=%2Fwp%2Fv2%2Fcomments&post=8"}],"version-history":[{"count":22,"href":"https:\/\/seniorcoachene.no\/index.php?rest_route=\/wp\/v2\/pages\/8\/revisions"}],"predecessor-version":[{"id":194,"href":"https:\/\/seniorcoachene.no\/index.php?rest_route=\/wp\/v2\/pages\/8\/revisions\/194"}],"wp:attachment":[{"href":"https:\/\/seniorcoachene.no\/index.php?rest_route=%2Fwp%2Fv2%2Fmedia&parent=8"}],"curies":[{"name":"wp","href":"https:\/\/api.w.org\/{rel}","templated":true}]}}