{"id":7,"date":"2022-03-23T23:37:18","date_gmt":"2022-03-23T23:37:18","guid":{"rendered":"https:\/\/seniorcoachene.no\/?page_id=7"},"modified":"2022-04-01T21:04:34","modified_gmt":"2022-04-01T21:04:34","slug":"hjem","status":"publish","type":"page","link":"https:\/\/seniorcoachene.no\/","title":{"rendered":"Hjem"},"content":{"rendered":"\n<div class=\"wp-block-cover alignfull is-light\" style=\"min-height:772px;aspect-ratio:unset;\"><span aria-hidden=\"true\" class=\"has-background-dim-0 wp-block-cover__gradient-background has-luminous-vivid-amber-to-luminous-vivid-orange-gradient-background has-background-dim has-background-gradient\"><\/span><img loading=\"lazy\" decoding=\"async\" width=\"2560\" height=\"2079\" class=\"wp-block-cover__image-background wp-image-114\" alt=\"\" src=\"https:\/\/seniorcoachene.no\/wp-content\/uploads\/2022\/04\/resbg2-scaled.jpg\" style=\"object-position:13% 70%\" data-object-fit=\"cover\" data-object-position=\"13% 70%\" srcset=\"https:\/\/seniorcoachene.no\/wp-content\/uploads\/2022\/04\/resbg2-scaled.jpg 2560w, https:\/\/seniorcoachene.no\/wp-content\/uploads\/2022\/04\/resbg2-300x244.jpg 300w, https:\/\/seniorcoachene.no\/wp-content\/uploads\/2022\/04\/resbg2-1024x832.jpg 1024w, https:\/\/seniorcoachene.no\/wp-content\/uploads\/2022\/04\/resbg2-768x624.jpg 768w, https:\/\/seniorcoachene.no\/wp-content\/uploads\/2022\/04\/resbg2-1536x1248.jpg 1536w, https:\/\/seniorcoachene.no\/wp-content\/uploads\/2022\/04\/resbg2-2048x1663.jpg 2048w\" sizes=\"auto, (max-width: 2560px) 100vw, 2560px\" \/><div class=\"wp-block-cover__inner-container is-layout-flow wp-block-cover-is-layout-flow\">\n<h1 class=\"has-text-align-left has-text-color wp-block-heading\" style=\"color:#121212\">Seniorfasen gir nye muligheter<br><\/h1>\n\n\n\n<p class=\"has-text-align-left has-large-font-size\">Vi hjelper deg til \u00e5 finne hva som er viktig for deg <br>og energi til \u00e5 realisere dine \u00f8nsker<\/p>\n\n\n\n<p class=\"has-text-align-left has-large-font-size\"><\/p>\n\n\n\n<div style=\"height:249px\" aria-hidden=\"true\" class=\"wp-block-spacer\"><\/div>\n<\/div><\/div>\n\n\n\n<div style=\"height:10px\" aria-hidden=\"true\" class=\"wp-block-spacer\"><\/div>\n\n\n\n<div class=\"wp-block-columns is-layout-flex wp-container-core-columns-is-layout-9d6595d7 wp-block-columns-is-layout-flex\">\n<div class=\"wp-block-column is-layout-flow wp-block-column-is-layout-flow\">\n<h3 class=\"has-text-align-center has-neve-text-color-color has-text-color wp-block-heading\"><\/h3>\n\n\n\n<p class=\"has-medium-font-size\"><strong>Kjenner du p\u00e5 forventningen, og kanskje p\u00e5 usikkerheten n\u00e5r du skal ta viktige valg. Du tenker kanskje:<\/strong><\/p>\n\n\n\n<ul class=\"wp-block-list\"><li>Hvilke \u00f8nsker har jeg for seniorfasen i yrkeslivet?<\/li><li>Hvordan vil jeg v\u00e6re relevant som senior i arbeidslivet?<\/li><li>Hva \u00f8nsker jeg meg av livet som pensjonist?<\/li><li>Hva skal jeg bruke tiden til n\u00e5r jeg pensjonerer meg?<\/li><\/ul>\n\n\n\n<p>\u00c5 ha mange tanker om seniorfasen i yrkeslivet eller livet som pensjonist er helt naturlig. Dette er en av de<br>viktige overgangene i livet \u2013 en ny livsfase som blir bedre dersom vi planlegger den.<\/p>\n\n\n\n<p>\u00c5 HA NOEN \u00c5 SPARRE MED n\u00e5r en st\u00e5r i en krevende situasjon eller skal ta viktige valg vil v\u00e6re positivt. En god<br>sparringspartner lytter og er helt og fullt til stede for sin samtalepartner.<\/p>\n\n\n\n<p>Vedkommende stiller sp\u00f8rsm\u00e5l som bidrar til at samtalepartneren blir bevisst hva som er virkelig viktig for<br>ham\/henne.<\/p>\n\n\n\n<div style=\"height:20px\" aria-hidden=\"true\" class=\"wp-block-spacer\"><\/div>\n<\/div>\n<\/div>\n\n\n\n<div style=\"height:80px\" aria-hidden=\"true\" class=\"wp-block-spacer\"><\/div>\n\n\n\n<div style=\"height:40px\" aria-hidden=\"true\" class=\"wp-block-spacer\"><\/div>\n","protected":false},"excerpt":{"rendered":"<p>Kjenner du p\u00e5 forventningen, og kanskje p\u00e5 usikkerheten n\u00e5r du skal ta viktige valg. Du tenker kanskje: Hvilke \u00f8nsker har jeg for seniorfasen i yrkeslivet? Hvordan vil jeg v\u00e6re relevant som senior i arbeidslivet? Hva \u00f8nsker jeg meg av livet som pensjonist? Hva skal jeg bruke tiden til n\u00e5r jeg pensjonerer meg? \u00c5 ha mange&hellip;&nbsp;<a href=\"https:\/\/seniorcoachene.no\/\" class=\"\" rel=\"bookmark\">Les mer &raquo;<span class=\"screen-reader-text\">Hjem<\/span><\/a><\/p>\n","protected":false},"author":1,"featured_media":0,"parent":0,"menu_order":0,"comment_status":"closed","ping_status":"closed","template":"","meta":{"neve_meta_sidebar":"","neve_meta_container":"","neve_meta_enable_content_width":"on","neve_meta_content_width":100,"neve_meta_title_alignment":"","neve_meta_author_avatar":"","neve_post_elements_order":"","neve_meta_disable_header":"","neve_meta_disable_footer":"","neve_meta_disable_title":"on","footnotes":""},"class_list":["post-7","page","type-page","status-publish","hentry"],"_links":{"self":[{"href":"https:\/\/seniorcoachene.no\/index.php?rest_route=\/wp\/v2\/pages\/7","targetHints":{"allow":["GET"]}}],"collection":[{"href":"https:\/\/seniorcoachene.no\/index.php?rest_route=\/wp\/v2\/pages"}],"about":[{"href":"https:\/\/seniorcoachene.no\/index.php?rest_route=\/wp\/v2\/types\/page"}],"author":[{"embeddable":true,"href":"https:\/\/seniorcoachene.no\/index.php?rest_route=\/wp\/v2\/users\/1"}],"replies":[{"embeddable":true,"href":"https:\/\/seniorcoachene.no\/index.php?rest_route=%2Fwp%2Fv2%2Fcomments&post=7"}],"version-history":[{"count":21,"href":"https:\/\/seniorcoachene.no\/index.php?rest_route=\/wp\/v2\/pages\/7\/revisions"}],"predecessor-version":[{"id":115,"href":"https:\/\/seniorcoachene.no\/index.php?rest_route=\/wp\/v2\/pages\/7\/revisions\/115"}],"wp:attachment":[{"href":"https:\/\/seniorcoachene.no\/index.php?rest_route=%2Fwp%2Fv2%2Fmedia&parent=7"}],"curies":[{"name":"wp","href":"https:\/\/api.w.org\/{rel}","templated":true}]}}