{"id":11,"date":"2022-03-23T23:37:19","date_gmt":"2022-03-23T23:37:19","guid":{"rendered":"https:\/\/seniorcoachene.no\/?page_id=11"},"modified":"2022-10-14T12:04:13","modified_gmt":"2022-10-14T12:04:13","slug":"prosjektdetaljer","status":"publish","type":"page","link":"https:\/\/seniorcoachene.no\/?page_id=11","title":{"rendered":"Priser"},"content":{"rendered":"\n<div class=\"wp-block-cover alignfull\" style=\"min-height:320px;aspect-ratio:unset;\"><span aria-hidden=\"true\" class=\"wp-block-cover__background has-nv-site-bg-background-color has-background-dim-100 has-background-dim\"><\/span><div class=\"wp-block-cover__inner-container is-layout-flow wp-block-cover-is-layout-flow\">\n<h1 class=\"has-text-align-left has-neve-text-color-color has-text-color has-large-font-size wp-block-heading\">Priser<\/h1>\n\n\n\n<p class=\"has-neve-link-color-color has-text-color\"><strong>Tilbud til privatpersoner<\/strong><br> Gratis introduksjonssamtale p\u00e5 inntil 30 minutter<br> \u00a0 \u2022 Gjennomgang av hva coaching er\/ikke er <br> \u00a0 \u2022 Avklare kundens forventninger til coachingen <br> \u00a0 \u2022 Kontraktsforslag <br><br> En coachingpakke p\u00e5 5 samtaler med en times varighet pr. samtale.<br> \u00a0 \u2022 Kr. 5.000,- eks. mva<br> \u00a0 \u2022 Kr. 1.050,- eks. mva for enkelttimer<br> <br> Coachingen vil i hovedsak foreg\u00e5 digitalt<br><br> Vi tilbyr ogs\u00e5 coaching til bedrifter som \u00f8nsker \u00e5 gi dette til sine ansatte. <a href=\"https:\/\/seniorcoachene.no\/?page_id=9\">Kontakt oss for tilbud. <\/a><\/p>\n<\/div><\/div>\n\n\n\n<p><\/p>\n","protected":false},"excerpt":{"rendered":"","protected":false},"author":1,"featured_media":0,"parent":0,"menu_order":0,"comment_status":"closed","ping_status":"closed","template":"","meta":{"neve_meta_sidebar":"","neve_meta_container":"","neve_meta_enable_content_width":"on","neve_meta_content_width":100,"neve_meta_title_alignment":"","neve_meta_author_avatar":"","neve_post_elements_order":"","neve_meta_disable_header":"","neve_meta_disable_footer":"","neve_meta_disable_title":"on","footnotes":""},"class_list":["post-11","page","type-page","status-publish","hentry"],"_links":{"self":[{"href":"https:\/\/seniorcoachene.no\/index.php?rest_route=\/wp\/v2\/pages\/11","targetHints":{"allow":["GET"]}}],"collection":[{"href":"https:\/\/seniorcoachene.no\/index.php?rest_route=\/wp\/v2\/pages"}],"about":[{"href":"https:\/\/seniorcoachene.no\/index.php?rest_route=\/wp\/v2\/types\/page"}],"author":[{"embeddable":true,"href":"https:\/\/seniorcoachene.no\/index.php?rest_route=\/wp\/v2\/users\/1"}],"replies":[{"embeddable":true,"href":"https:\/\/seniorcoachene.no\/index.php?rest_route=%2Fwp%2Fv2%2Fcomments&post=11"}],"version-history":[{"count":20,"href":"https:\/\/seniorcoachene.no\/index.php?rest_route=\/wp\/v2\/pages\/11\/revisions"}],"predecessor-version":[{"id":201,"href":"https:\/\/seniorcoachene.no\/index.php?rest_route=\/wp\/v2\/pages\/11\/revisions\/201"}],"wp:attachment":[{"href":"https:\/\/seniorcoachene.no\/index.php?rest_route=%2Fwp%2Fv2%2Fmedia&parent=11"}],"curies":[{"name":"wp","href":"https:\/\/api.w.org\/{rel}","templated":true}]}}