{"id":10,"date":"2022-03-23T23:37:19","date_gmt":"2022-03-23T23:37:19","guid":{"rendered":"https:\/\/seniorcoachene.no\/?page_id=10"},"modified":"2022-05-06T08:52:12","modified_gmt":"2022-05-06T08:52:12","slug":"portefolje","status":"publish","type":"page","link":"https:\/\/seniorcoachene.no\/?page_id=10","title":{"rendered":"Tjenester"},"content":{"rendered":"\n<div class=\"wp-block-cover alignfull\" style=\"min-height:300px;aspect-ratio:unset;\"><span aria-hidden=\"true\" class=\"has-nv-site-bg-background-color has-background-dim-100 wp-block-cover__gradient-background has-background-dim\"><\/span><div class=\"wp-block-cover__inner-container is-layout-flow wp-block-cover-is-layout-flow\">\n<div class=\"wp-block-group\"><div class=\"wp-block-group__inner-container is-layout-flow wp-block-group-is-layout-flow\">\n<h1 class=\"has-text-align-left has-neve-text-color-color has-text-color has-large-font-size wp-block-heading\">Coaching er en prosess for \u00e5 realisere dine dr\u00f8mmer for fremtiden<\/h1>\n\n\n\n<p class=\"has-neve-link-color-color has-text-color has-large-font-size\"><\/p>\n\n\n\n<p class=\"has-neve-link-color-color has-text-color\">Som coach og sparringspartner hjelper vi deg med \u00e5 reflektere over hva som er dine \u00f8nsker og<br>behov for livet som senior og pensjonist, og hva dette inneb\u00e6rer for deg selv, dine n\u00e6rmeste og<br>andre som p\u00e5virkes av dine valg. Da blir det enklere \u00e5 gj\u00f8re valg for fremtiden som senior og<br>pensjonist.<\/p>\n\n\n\n<div class=\"wp-block-image\"><figure class=\"alignright size-full is-resized\"><img loading=\"lazy\" decoding=\"async\" src=\"https:\/\/seniorcoachene.no\/wp-content\/uploads\/2022\/04\/cottonbro_dialog2_res.jpg\" alt=\"\" class=\"wp-image-121\" width=\"250\" height=\"375\" srcset=\"https:\/\/seniorcoachene.no\/wp-content\/uploads\/2022\/04\/cottonbro_dialog2_res.jpg 1000w, https:\/\/seniorcoachene.no\/wp-content\/uploads\/2022\/04\/cottonbro_dialog2_res-200x300.jpg 200w, https:\/\/seniorcoachene.no\/wp-content\/uploads\/2022\/04\/cottonbro_dialog2_res-683x1024.jpg 683w, https:\/\/seniorcoachene.no\/wp-content\/uploads\/2022\/04\/cottonbro_dialog2_res-768x1152.jpg 768w\" sizes=\"auto, (max-width: 250px) 100vw, 250px\" \/><\/figure><\/div>\n\n\n\n<p class=\"has-neve-link-color-color has-text-color\">Vi tror p\u00e5 utvikling gjennom hele livet. Ved \u00e5 v\u00e6re \u00e5pne og nysgjerrige og ta noen sjanser, skapes<br>det muligheter for utvikling, mestring og glede.<\/p>\n\n\n\n<p class=\"has-neve-link-color-color has-text-color\">Du kan lese mer om v\u00e5r utdanning <a href=\"https:\/\/www.erickson.no\/the-art-science-of-coaching\/\">The Art &amp; Science of Coaching &#8211; Erickson<\/a><\/p>\n\n\n\n<p class=\"has-neve-link-color-color has-text-color\">Coaching er en prosess for \u00e5 realisere dine dr\u00f8mmer for fremtiden.<\/p>\n\n\n\n<p class=\"has-neve-link-color-color has-text-color\">Coaching er en 100 prosent konfidensiell og kundefokusert samtale der du selv eier<br>m\u00e5l og tiltak.<\/p>\n\n\n\n<p class=\"has-neve-link-color-color has-text-color\">Coachen har fullt fokus p\u00e5 deg, lytter aktivt og stiller \u00e5pne og bevisstgj\u00f8rende<br>sp\u00f8rsm\u00e5l.<\/p>\n\n\n\n<p class=\"has-neve-link-color-color has-text-color\">Coachingen hjelper deg med \u00e5 lage din plan for fremtiden for \u00e5 realisere dr\u00f8mmen<br>om det gode liv som senior og pensjonist.<\/p>\n<\/div><\/div>\n<\/div><\/div>\n\n\n\n<div class=\"wp-block-cover alignfull\" style=\"min-height:600px;aspect-ratio:unset;\"><span aria-hidden=\"true\" class=\"has-nv-site-bg-background-color has-background-dim-100 wp-block-cover__gradient-background has-background-dim\"><\/span><div class=\"wp-block-cover__inner-container is-layout-flow wp-block-cover-is-layout-flow\">\n<p class=\"has-text-align-center has-large-font-size\"><\/p>\n<\/div><\/div>\n","protected":false},"excerpt":{"rendered":"","protected":false},"author":1,"featured_media":0,"parent":0,"menu_order":0,"comment_status":"closed","ping_status":"closed","template":"","meta":{"neve_meta_sidebar":"","neve_meta_container":"","neve_meta_enable_content_width":"on","neve_meta_content_width":100,"neve_meta_title_alignment":"","neve_meta_author_avatar":"","neve_post_elements_order":"","neve_meta_disable_header":"","neve_meta_disable_footer":"","neve_meta_disable_title":"on","footnotes":""},"class_list":["post-10","page","type-page","status-publish","hentry"],"_links":{"self":[{"href":"https:\/\/seniorcoachene.no\/index.php?rest_route=\/wp\/v2\/pages\/10","targetHints":{"allow":["GET"]}}],"collection":[{"href":"https:\/\/seniorcoachene.no\/index.php?rest_route=\/wp\/v2\/pages"}],"about":[{"href":"https:\/\/seniorcoachene.no\/index.php?rest_route=\/wp\/v2\/types\/page"}],"author":[{"embeddable":true,"href":"https:\/\/seniorcoachene.no\/index.php?rest_route=\/wp\/v2\/users\/1"}],"replies":[{"embeddable":true,"href":"https:\/\/seniorcoachene.no\/index.php?rest_route=%2Fwp%2Fv2%2Fcomments&post=10"}],"version-history":[{"count":14,"href":"https:\/\/seniorcoachene.no\/index.php?rest_route=\/wp\/v2\/pages\/10\/revisions"}],"predecessor-version":[{"id":197,"href":"https:\/\/seniorcoachene.no\/index.php?rest_route=\/wp\/v2\/pages\/10\/revisions\/197"}],"wp:attachment":[{"href":"https:\/\/seniorcoachene.no\/index.php?rest_route=%2Fwp%2Fv2%2Fmedia&parent=10"}],"curies":[{"name":"wp","href":"https:\/\/api.w.org\/{rel}","templated":true}]}}